{"id":20,"date":"2017-06-09T14:44:18","date_gmt":"2017-06-09T14:44:18","guid":{"rendered":"http:\/\/www.breradesigndays.it\/2017\/?page_id=20"},"modified":"2019-09-13T15:54:27","modified_gmt":"2019-09-13T15:54:27","slug":"info-e-biglietti","status":"publish","type":"page","link":"https:\/\/www.breradesigndays.it\/2019\/info-e-biglietti\/","title":{"rendered":"Info e biglietti"},"content":{"rendered":"\n<p><strong>Partecipare ai Brera Design Days \u00e8 semplice! <br><\/strong>Quali sono le modalit\u00e0?<\/p>\n\n\n\n<p>Alcuni eventi sono <strong>ad accesso libero<\/strong>. <\/p>\n\n\n\n<p>Per altri \u00e8 sempre consigliata (o obbligatoria, dove specificato) la <strong>registrazione su Eventbrite<\/strong>.<br> Su Eventbrite si trovano due tipologie di biglietto, <strong>Talks &amp; Mostre e Workshop<\/strong>.<\/p>\n\n\n\n<h2 class=\"talks_mostre wp-block-heading\">Biglietto &#8220;Talks &amp; Mostre&#8221;<\/h2>\n\n\n\n<p>Ai Brera Design Days puoi accedere a un ricco programma di talk e mostre <strong>gratuiti e aperti al pubblico<\/strong>. Alcuni eventi richiedono tuttavia <strong>una pre-registrazione online<\/strong> per motivi organizzativi e di sicurezza. Ove possibile ti consigliamo di registrarti, siccome la capienza delle location non \u00e8 sempre garantita e l\u2019affluenza agli eventi \u00e8 <strong>fino ad esaurimento posti<\/strong>.<\/p>\n\n\n\n<p><a href=\"https:\/\/breradesigndays2019.eventbrite.it\/?aff=WEB\" target=\"_blank\" rel=\"noreferrer noopener\" aria-label=\" (apre in una nuova scheda)\" class=\"registrati_talk_mostre\">Registrati a Talks e Mostre!<\/a><\/p>\n\n\n\n<p>Se non trovi il biglietto del talk che ti interessa,  probabilmente \u00e8 indicato nella scheda di presentazione che l\u2019ingresso \u00e8  libero.<\/p>\n\n\n\n<h2 class=\"workshop wp-block-heading\">Biglietto &#8220;Workshop&#8221;<\/h2>\n\n\n\n<p><strong>Tutti i workshop hanno posti limitati e la registrazione \u00e8 obbligatoria<\/strong>. Alcuni workshop richiedono inoltre il versamento di una <strong>quota di partecipazione<\/strong>.<\/p>\n\n\n\n<p><a href=\"https:\/\/breradesigndays2019workshops.eventbrite.it\/?aff=WEB\" target=\"_blank\" rel=\"noreferrer noopener\" aria-label=\" (apre in una nuova scheda)\" class=\"registrati_workshop\">Registrati ai workshop!<\/a><\/p>\n\n\n\n<p>Altri workshop hanno altri link di registrazione, indicati nelle rispettive schede di presentazione.<\/p>\n\n\n\n<p style=\"color: #ff5b55;\"><strong>Attenzione! Non tutti gli eventi del festival sono indicizzati su Eventbrite. <br><\/strong> Invitiamo a fare sempre riferimento al <a href=\"https:\/\/www.breradesigndays.it\/2019\/programma-eventi\/\"><strong>programma sul sito web<\/strong><\/a> e alle indicazioni di accesso sulle pagine singole di ogni evento. Alcuni workshop inoltre possono richiedere la registrazione su siti terzi.<\/p>\n","protected":false},"excerpt":{"rendered":"<p>Partecipare ai Brera Design Days \u00e8 semplice! Quali sono le modalit\u00e0? Alcuni eventi sono ad accesso libero. Per altri \u00e8 sempre consigliata (o obbligatoria, dove specificato) la registrazione su Eventbrite. Su Eventbrite si trovano due tipologie di biglietto, Talks &amp; Mostre e Workshop. Biglietto &#8220;Talks &amp; Mostre&#8221; Ai Brera Design Days puoi accedere a un<\/p>\n","protected":false},"author":2,"featured_media":0,"parent":0,"menu_order":5,"comment_status":"closed","ping_status":"closed","template":"template-progetto.php","meta":{"_en_post_content":"<!-- wp:paragraph -->\n<p>The Brera Design Days offer free talks and exhibitions, events open to the public. Some of these require an online registration. Besides, many are the workshops, for organisational reasons some of them are not free. <br>Each workshop\u2019s presentation page specifies how to access, places are limited.<\/p>\n<!-- \/wp:paragraph -->\n\n<!-- wp:paragraph -->\n<p>\n\n\n\n\n\n\n\n\n\n\n\n\n\n\n\nHere below are the\ninstructions to register to the events of the Brera Design Days 2019\n\n\n\n<\/p>\n<!-- \/wp:paragraph -->\n\n<!-- wp:heading {\"className\":\"talks_mostre\"} -->\n<h2 class=\"talks_mostre\">Talks &amp; Mostre<\/h2>\n<!-- \/wp:heading -->\n\n<!-- wp:paragraph -->\n<p>Some talks and exhibitions, for organisational reasons, require an online registration, please visit the dedicated page on Eventbrite and register for free to the events to take part in the talks and exhibitions of the Brera Design Days.<\/p>\n<!-- \/wp:paragraph -->\n\n<!-- wp:paragraph -->\n<p><a href=\"https:\/\/breradesigndays2019.eventbrite.it\/?aff=WEB\" target=\"_blank\" rel=\"noreferrer noopener\" aria-label=\" (apre in una nuova scheda)\" class=\"registrati_talk_mostre\">Register to the Talks and Exhibitions!<\/a><\/p>\n<!-- \/wp:paragraph -->\n\n<!-- wp:paragraph -->\n<p>If you don\u2019t find the ticket of the talk you want to join, you will probably read in the talk\u2019s presentation page that entry is free.<\/p>\n<!-- \/wp:paragraph -->\n\n<!-- wp:heading {\"className\":\"workshop\"} -->\n<h2 class=\"workshop\">Workshops<\/h2>\n<!-- \/wp:heading -->\n\n<!-- wp:paragraph -->\n<p>Please visit the dedicated page on Eventbrite to take part in the workshops of the Brera Design Days and choose the best ones for you!<\/p>\n<!-- \/wp:paragraph -->\n\n<!-- wp:paragraph -->\n<p><a href=\"https:\/\/breradesigndays2019workshops.eventbrite.it\/?aff=WEB\" target=\"_blank\" rel=\"noreferrer noopener\" aria-label=\" (apre in una nuova scheda)\" class=\"registrati_workshop\">Register to the workshops!<\/a><\/p>\n<!-- \/wp:paragraph -->\n\n<!-- wp:paragraph -->\n<p>Other workshops have different registration links specified in each\nworkshop\u2019s presentation page.<\/p>\n<!-- \/wp:paragraph -->","_en_post_name":"info-e-biglietti","_en_post_excerpt":"","_en_post_title":"Info e biglietti","_it_post_content":"<!-- wp:paragraph -->\n<p><strong>Partecipare ai Brera Design Days \u00e8 semplice! <br><\/strong>Quali sono le modalit\u00e0?<\/p>\n<!-- \/wp:paragraph -->\n\n<!-- wp:paragraph -->\n<p>Alcuni eventi sono <strong>ad accesso libero<\/strong>. <\/p>\n<!-- \/wp:paragraph -->\n\n<!-- wp:paragraph -->\n<p>Per altri \u00e8 sempre consigliata (o obbligatoria, dove specificato) la <strong>registrazione su Eventbrite<\/strong>.<br> Su Eventbrite si trovano due tipologie di biglietto, <strong>Talks &amp; Mostre e Workshop<\/strong>.<\/p>\n<!-- \/wp:paragraph -->\n\n<!-- wp:heading {\"className\":\"talks_mostre\"} -->\n<h2 class=\"talks_mostre\">Biglietto \"Talks &amp; Mostre\"<\/h2>\n<!-- \/wp:heading -->\n\n<!-- wp:paragraph -->\n<p>Ai Brera Design Days puoi accedere a un ricco programma di talk e mostre <strong>gratuiti e aperti al pubblico<\/strong>. Alcuni eventi richiedono tuttavia <strong>una pre-registrazione online<\/strong> per motivi organizzativi e di sicurezza. Ove possibile ti consigliamo di registrarti, siccome la capienza delle location non \u00e8 sempre garantita e l\u2019affluenza agli eventi \u00e8 <strong>fino ad esaurimento posti<\/strong>.<\/p>\n<!-- \/wp:paragraph -->\n\n<!-- wp:paragraph -->\n<p><a href=\"https:\/\/breradesigndays2019.eventbrite.it\/?aff=WEB\" target=\"_blank\" rel=\"noreferrer noopener\" aria-label=\" (apre in una nuova scheda)\" class=\"registrati_talk_mostre\">Registrati a Talks e Mostre!<\/a><\/p>\n<!-- \/wp:paragraph -->\n\n<!-- wp:paragraph -->\n<p>Se non trovi il biglietto del talk che ti interessa,  probabilmente \u00e8 indicato nella scheda di presentazione che l\u2019ingresso \u00e8  libero.<\/p>\n<!-- \/wp:paragraph -->\n\n<!-- wp:heading {\"className\":\"workshop\"} -->\n<h2 class=\"workshop\">Biglietto \"Workshop\"<\/h2>\n<!-- \/wp:heading -->\n\n<!-- wp:paragraph -->\n<p><strong>Tutti i workshop hanno posti limitati e la registrazione \u00e8 obbligatoria<\/strong>. Alcuni workshop richiedono inoltre il versamento di una <strong>quota di partecipazione<\/strong>.<\/p>\n<!-- \/wp:paragraph -->\n\n<!-- wp:paragraph -->\n<p><a href=\"https:\/\/breradesigndays2019workshops.eventbrite.it\/?aff=WEB\" target=\"_blank\" rel=\"noreferrer noopener\" aria-label=\" (apre in una nuova scheda)\" class=\"registrati_workshop\">Registrati ai workshop!<\/a><\/p>\n<!-- \/wp:paragraph -->\n\n<!-- wp:paragraph -->\n<p>Altri workshop hanno altri link di registrazione, indicati nelle rispettive schede di presentazione.<\/p>\n<!-- \/wp:paragraph -->\n\n<!-- wp:paragraph -->\n<p style=\"color: #ff5b55;\"><strong>Attenzione! Non tutti gli eventi del festival sono indicizzati su Eventbrite. <br><\/strong> Invitiamo a fare sempre riferimento al <a href=\"https:\/\/www.breradesigndays.it\/2019\/programma-eventi\/\"><strong>programma sul sito web<\/strong><\/a> e alle indicazioni di accesso sulle pagine singole di ogni evento. Alcuni workshop inoltre possono richiedere la registrazione su siti terzi.<\/p>\n<!-- \/wp:paragraph -->","_it_post_name":"info-e-biglietti","_it_post_excerpt":"","_it_post_title":"Info e biglietti","edit_language":"it","footnotes":""},"class_list":["post-20","page","type-page","status-publish","hentry"],"_links":{"self":[{"href":"https:\/\/www.breradesigndays.it\/2019\/wp-json\/wp\/v2\/pages\/20","targetHints":{"allow":["GET"]}}],"collection":[{"href":"https:\/\/www.breradesigndays.it\/2019\/wp-json\/wp\/v2\/pages"}],"about":[{"href":"https:\/\/www.breradesigndays.it\/2019\/wp-json\/wp\/v2\/types\/page"}],"author":[{"embeddable":true,"href":"https:\/\/www.breradesigndays.it\/2019\/wp-json\/wp\/v2\/users\/2"}],"replies":[{"embeddable":true,"href":"https:\/\/www.breradesigndays.it\/2019\/wp-json\/wp\/v2\/comments?post=20"}],"version-history":[{"count":10,"href":"https:\/\/www.breradesigndays.it\/2019\/wp-json\/wp\/v2\/pages\/20\/revisions"}],"predecessor-version":[{"id":1745,"href":"https:\/\/www.breradesigndays.it\/2019\/wp-json\/wp\/v2\/pages\/20\/revisions\/1745"}],"wp:attachment":[{"href":"https:\/\/www.breradesigndays.it\/2019\/wp-json\/wp\/v2\/media?parent=20"}],"curies":[{"name":"wp","href":"https:\/\/api.w.org\/{rel}","templated":true}]}}