{"id":20,"date":"2017-06-09T14:44:18","date_gmt":"2017-06-09T14:44:18","guid":{"rendered":"http:\/\/www.breradesigndays.it\/2017\/?page_id=20"},"modified":"2017-09-13T10:16:15","modified_gmt":"2017-09-13T10:16:15","slug":"info-e-biglietti","status":"publish","type":"page","link":"https:\/\/www.breradesigndays.it\/2017\/info-e-biglietti\/","title":{"rendered":"Info e biglietti"},"content":{"rendered":"<p>Per partecipare agli eventi di Brera Design Days presso la Microsoft House in programma 6, 7 e 8ottobre dalle xx.00 alle xx.00, \u00e8 necessario registrarsi.<\/p>\n<p>&nbsp;<\/p>\n<h1>COME REGISTRARSI<\/h1>\n<p>Compila il form a questo link <a href=\"http:\/\/breradesigndays.organizzo.io\/\" target=\"_blank\" rel=\"noopener noreferrer\">tbd<\/a> e attendi la mail di conferma con il badge in allegato. Attenzione: controlla la cartella spam!<\/p>\n<p>&nbsp;<\/p>\n<h1>E POI?<\/h1>\n<p>\u00c8 necessario stampare il badge con il QR code o di esibirlo in formato digitale presentandolo al desk di registrazione i giorni dell&#8217;evento a partire dalle ore xx.00. In entrambi i casi, \u00e8 importante che il QR code risulti ben chiaro e leggibile. Una volta eseguito il check-in all\u2019ingresso di Mediateca, ti verr\u00e0 consegnato un braccialetto che ti permetter\u00e0 di entrare e uscire durante i due giorni.<\/p>\n<p>&nbsp;<\/p>\n<h1>COME FUNZIONA<\/h1>\n<p>Il badge \u00e8 personale e non cedibile. Una volta eseguito il check-in all\u2019ingresso di Mediateca, ti verr\u00e0 consegnato un braccialetto che ti permetter\u00e0 di entrare e uscire durante i due giorni. Ti dar\u00e0 la possibilit\u00e0 di accedere a tutti gli eventi in programma in Mediateca Santa Teresa, ma non ti permetter\u00e0 di riservare un posto a sedere.<\/p>\n<p>&nbsp;<\/p>\n<h1>FAI PARTE DELL\u2019ORDINE DEGLI ARCHITETTI?<\/h1>\n<p>La partecipazione ad alcuni eventi di Brera Design Days ti permetter\u00e0 di guadagnare crediti formativi. Scopri di pi\u00f9!<\/p>\n<p>&nbsp;<\/p>\n","protected":false},"excerpt":{"rendered":"<p>Per partecipare agli eventi di Brera Design Days presso la Microsoft House in programma 6, 7 e 8ottobre dalle xx.00 alle xx.00, \u00e8 necessario registrarsi. &nbsp; COME REGISTRARSI Compila il form a questo link tbd e attendi la mail di conferma con il badge in allegato. Attenzione: controlla la cartella spam! &nbsp; E POI? \u00c8<\/p>\n","protected":false},"author":2,"featured_media":0,"parent":0,"menu_order":5,"comment_status":"closed","ping_status":"closed","template":"template-progetto.php","meta":[],"_links":{"self":[{"href":"https:\/\/www.breradesigndays.it\/2017\/wp-json\/wp\/v2\/pages\/20"}],"collection":[{"href":"https:\/\/www.breradesigndays.it\/2017\/wp-json\/wp\/v2\/pages"}],"about":[{"href":"https:\/\/www.breradesigndays.it\/2017\/wp-json\/wp\/v2\/types\/page"}],"author":[{"embeddable":true,"href":"https:\/\/www.breradesigndays.it\/2017\/wp-json\/wp\/v2\/users\/2"}],"replies":[{"embeddable":true,"href":"https:\/\/www.breradesigndays.it\/2017\/wp-json\/wp\/v2\/comments?post=20"}],"version-history":[{"count":3,"href":"https:\/\/www.breradesigndays.it\/2017\/wp-json\/wp\/v2\/pages\/20\/revisions"}],"predecessor-version":[{"id":314,"href":"https:\/\/www.breradesigndays.it\/2017\/wp-json\/wp\/v2\/pages\/20\/revisions\/314"}],"wp:attachment":[{"href":"https:\/\/www.breradesigndays.it\/2017\/wp-json\/wp\/v2\/media?parent=20"}],"curies":[{"name":"wp","href":"https:\/\/api.w.org\/{rel}","templated":true}]}}